{"id":24,"date":"2022-10-16T14:48:12","date_gmt":"2022-10-16T12:48:12","guid":{"rendered":"https:\/\/cassiopeiadevelopments.com\/?page_id=24"},"modified":"2023-08-07T17:51:49","modified_gmt":"2023-08-07T15:51:49","slug":"sym-bios-torn-asunder","status":"publish","type":"page","link":"https:\/\/cassiopeiadevelopments.com\/en\/jeux\/sym-bios-torn-asunder\/","title":{"rendered":"Sym.BIOS: Torn Asunder"},"content":{"rendered":"<p>[et_pb_section fb_built=\u00a0\u00bb1&Prime; _builder_version=\u00a0\u00bb4.18.0&Prime; _module_preset=\u00a0\u00bbdefault\u00a0\u00bb background_color=\u00a0\u00bb#FF0000&Prime; custom_margin=\u00a0\u00bb||||false|false\u00a0\u00bb custom_padding=\u00a0\u00bb0px||0px||true|false\u00a0\u00bb global_colors_info=\u00a0\u00bb{}\u00a0\u00bb][et_pb_row _builder_version=\u00a0\u00bb4.18.0&Prime; _module_preset=\u00a0\u00bbdefault\u00a0\u00bb custom_padding=\u00a0\u00bb0px||0px||true|false\u00a0\u00bb global_colors_info=\u00a0\u00bb{}\u00a0\u00bb][et_pb_column type=\u00a0\u00bb4_4&Prime; _builder_version=\u00a0\u00bb4.18.0&Prime; _module_preset=\u00a0\u00bbdefault\u00a0\u00bb global_colors_info=\u00a0\u00bb{}\u00a0\u00bb][et_pb_divider show_divider=\u00a0\u00bboff\u00a0\u00bb _builder_version=\u00a0\u00bb4.18.0&Prime; _module_preset=\u00a0\u00bbdefault\u00a0\u00bb global_colors_info=\u00a0\u00bb{}\u00a0\u00bb][\/et_pb_divider][\/et_pb_column][\/et_pb_row][\/et_pb_section][et_pb_section fb_built=\u00a0\u00bb1&Prime; specialty=\u00a0\u00bbon\u00a0\u00bb background_size_1=\u00a0\u00bbcover\u00a0\u00bb background_position_1=\u00a0\u00bbcenter\u00a0\u00bb padding_top_bottom_link_1=\u00a0\u00bbfalse\u00a0\u00bb admin_label=\u00a0\u00bbFooter\u00a0\u00bb _builder_version=\u00a0\u00bb4.21.2&Prime; background_color=\u00a0\u00bb#0D0D0C\u00a0\u00bb inner_max_width=\u00a0\u00bb1280px\u00a0\u00bb custom_padding=\u00a0\u00bb100px|0px|54px|0px|false|false\u00a0\u00bb hover_enabled=\u00a0\u00bb0&Prime; use_custom_width=\u00a0\u00bbon\u00a0\u00bb custom_width_px=\u00a0\u00bb1280px\u00a0\u00bb global_colors_info=\u00a0\u00bb{}\u00a0\u00bb sticky_enabled=\u00a0\u00bb0&Prime;][et_pb_column type=\u00a0\u00bb1_2&Prime; specialty_columns=\u00a0\u00bb2&Prime; _builder_version=\u00a0\u00bb4.16&Prime; custom_padding=\u00a0\u00bb|||\u00a0\u00bb global_colors_info=\u00a0\u00bb{}\u00a0\u00bb custom_padding__hover=\u00a0\u00bb|||\u00a0\u00bb][et_pb_row_inner custom_padding_last_edited=\u00a0\u00bbon|desktop\u00a0\u00bb _builder_version=\u00a0\u00bb4.19.4&Prime; use_background_color_gradient=\u00a0\u00bbon\u00a0\u00bb background_color_gradient_direction=\u00a0\u00bb160deg\u00a0\u00bb background_color_gradient_stops=\u00a0\u00bb#ff0000 0%|#0d0d0c 100%\u00a0\u00bb background_color_gradient_start=\u00a0\u00bb#ff706f\u00a0\u00bb background_color_gradient_end=\u00a0\u00bb#2e00ff\u00a0\u00bb background_image=\u00a0\u00bbhttps:\/\/cassiopeiadevelopments.com\/wp-content\/uploads\/2022\/11\/esports-05-1.png\u00a0\u00bb background_blend=\u00a0\u00bboverlay\u00a0\u00bb custom_margin=\u00a0\u00bb||\u00a0\u00bb custom_padding=\u00a0\u00bb60px|80px|120px|80px|false|true\u00a0\u00bb custom_padding_tablet=\u00a0\u00bb\u00a0\u00bb custom_padding_phone=\u00a0\u00bb40px|40px|40px|40px|true|true\u00a0\u00bb animation_style=\u00a0\u00bbflip\u00a0\u00bb box_shadow_style=\u00a0\u00bbpreset1&Prime; box_shadow_vertical=\u00a0\u00bb40px\u00a0\u00bb box_shadow_blur=\u00a0\u00bb120px\u00a0\u00bb box_shadow_color=\u00a0\u00bb#0c101b\u00a0\u00bb locked=\u00a0\u00bboff\u00a0\u00bb global_colors_info=\u00a0\u00bb{}\u00a0\u00bb][et_pb_column_inner saved_specialty_column_type=\u00a0\u00bb1_2&Prime; _builder_version=\u00a0\u00bb4.16&Prime; custom_padding=\u00a0\u00bb|||\u00a0\u00bb global_colors_info=\u00a0\u00bb{}\u00a0\u00bb custom_padding__hover=\u00a0\u00bb|||\u00a0\u00bb][et_pb_image src=\u00a0\u00bbhttps:\/\/cassiopeiadevelopments.com\/wp-content\/uploads\/2023\/01\/LogoSymBIOSTornAsunder_White_web.png\u00a0\u00bb title_text=\u00a0\u00bbSymBIOSTornAsunder\u00a0\u00bb _builder_version=\u00a0\u00bb4.19.4&Prime; _module_preset=\u00a0\u00bbdefault\u00a0\u00bb global_colors_info=\u00a0\u00bb{}\u00a0\u00bb][\/et_pb_image][et_pb_divider color=\u00a0\u00bb#171e28&Prime; divider_weight=\u00a0\u00bb4px\u00a0\u00bb _builder_version=\u00a0\u00bb4.16&Prime; max_width=\u00a0\u00bb70px\u00a0\u00bb global_colors_info=\u00a0\u00bb{}\u00a0\u00bb][\/et_pb_divider][et_pb_video src=\u00a0\u00bbhttps:\/\/youtu.be\/oHCPvZaEqbE\u00a0\u00bb _builder_version=\u00a0\u00bb4.21.2&Prime; _module_preset=\u00a0\u00bbdefault\u00a0\u00bb global_colors_info=\u00a0\u00bb{}\u00a0\u00bb src__hover_enabled=\u00a0\u00bboff|desktop\u00a0\u00bb][\/et_pb_video][et_pb_gallery gallery_ids=\u00a0\u00bb322,323,324,325,326,327,269&Prime; fullwidth=\u00a0\u00bbon\u00a0\u00bb _builder_version=\u00a0\u00bb4.19.4&Prime; _module_preset=\u00a0\u00bbdefault\u00a0\u00bb global_colors_info=\u00a0\u00bb{}\u00a0\u00bb][\/et_pb_gallery][et_pb_video _builder_version=\u00a0\u00bb4.19.4&Prime; _module_preset=\u00a0\u00bbdefault\u00a0\u00bb global_colors_info=\u00a0\u00bb{}\u00a0\u00bb][\/et_pb_video][\/et_pb_column_inner][\/et_pb_row_inner][\/et_pb_column][et_pb_column type=\u00a0\u00bb1_2&Prime; _builder_version=\u00a0\u00bb4.16&Prime; custom_padding=\u00a0\u00bb|||\u00a0\u00bb global_colors_info=\u00a0\u00bb{}\u00a0\u00bb custom_padding__hover=\u00a0\u00bb|||\u00a0\u00bb][et_pb_accordion toggle_icon=\u00a0\u00bb&#x3d;||divi||400&Prime; icon_color=\u00a0\u00bb#FFFFFF\u00a0\u00bb _builder_version=\u00a0\u00bb4.19.4&Prime; _module_preset=\u00a0\u00bbdefault\u00a0\u00bb global_colors_info=\u00a0\u00bb{}\u00a0\u00bb][et_pb_accordion_item title=\u00a0\u00bbUne utopie&#8230;\u00a0\u00bb open=\u00a0\u00bboff\u00a0\u00bb open_toggle_text_color=\u00a0\u00bb#FFFFFF\u00a0\u00bb open_toggle_background_color=\u00a0\u00bbRGBA(255,255,255,0)\u00a0\u00bb closed_toggle_background_color=\u00a0\u00bbRGBA(255,255,255,0)\u00a0\u00bb icon_color=\u00a0\u00bb#FFFFFF\u00a0\u00bb toggle_icon=\u00a0\u00bb&#x3b;||divi||400&Prime; _builder_version=\u00a0\u00bb4.18.0&Prime; _module_preset=\u00a0\u00bbdefault\u00a0\u00bb body_text_color=\u00a0\u00bb#FFFFFF\u00a0\u00bb custom_padding=\u00a0\u00bb3%|5%|3%|5%|true|true\u00a0\u00bb border_radii=\u00a0\u00bboff|20px||20px|\u00a0\u00bb border_width_all=\u00a0\u00bb2px\u00a0\u00bb box_shadow_style=\u00a0\u00bbpreset7&Prime; box_shadow_horizontal=\u00a0\u00bb-10px\u00a0\u00bb box_shadow_vertical=\u00a0\u00bb-10px\u00a0\u00bb box_shadow_color=\u00a0\u00bb#FF0000&Prime; box_shadow_position=\u00a0\u00bbouter\u00a0\u00bb global_colors_info=\u00a0\u00bb{}\u00a0\u00bb toggle_text_color=\u00a0\u00bb#FFFFFF\u00a0\u00bb]<\/p>\n<p>In 2364, the wounds of World War III are healed\u2026 but they left some ugly scars.<br \/>In the Rome area (or what\u2019s left of it), radiation still kills slowly and silently.\u00a0<\/p>\n<p>It\u2019s the place an extremely wealthy philanthropist and heir to the Watal Industries empire \u2013 chose to build an underground sanctuary city: Tosca, sheltered from those deadly radioactive waves that poison the region.\u00a0<\/p>\n<p>[\/et_pb_accordion_item][et_pb_accordion_item title=\u00a0\u00bb&#8230;Une \u00e9quipe&#8230;\u00a0\u00bb open_toggle_text_color=\u00a0\u00bb#FFFFFF\u00a0\u00bb open_toggle_background_color=\u00a0\u00bbRGBA(255,255,255,0)\u00a0\u00bb closed_toggle_background_color=\u00a0\u00bbRGBA(255,255,255,0)\u00a0\u00bb icon_color=\u00a0\u00bb#FFFFFF\u00a0\u00bb toggle_icon=\u00a0\u00bb&#x3b;||divi||400&Prime; _builder_version=\u00a0\u00bb4.18.0&Prime; _module_preset=\u00a0\u00bbdefault\u00a0\u00bb body_text_color=\u00a0\u00bb#FFFFFF\u00a0\u00bb custom_padding=\u00a0\u00bb3%|5%|3%|5%|true|true\u00a0\u00bb border_radii=\u00a0\u00bboff|20px||20px|\u00a0\u00bb border_width_all=\u00a0\u00bb2px\u00a0\u00bb box_shadow_style=\u00a0\u00bbpreset7&Prime; box_shadow_horizontal=\u00a0\u00bb-10px\u00a0\u00bb box_shadow_vertical=\u00a0\u00bb-10px\u00a0\u00bb box_shadow_color=\u00a0\u00bb#FF0000&Prime; box_shadow_position=\u00a0\u00bbouter\u00a0\u00bb global_colors_info=\u00a0\u00bb{}\u00a0\u00bb toggle_text_color=\u00a0\u00bb#FFFFFF\u00a0\u00bb open=\u00a0\u00bboff\u00a0\u00bb]<\/p>\n<p>But what he didn\u2019t see coming is the locals\u2019 resistance to his project: they don\u2019t trust this man who comes from the \u201cColonies\u201d, these artificial satellites where the rich and famous took refuge, far from the Earth and its agony, its filth, its brutality.<br \/>Conspiracy theories run wild about Tosca, civilian militias are formed to attack its construction site. In order to defend his utopia, he assembles a dream team.<\/p>\n<p>[\/et_pb_accordion_item][et_pb_accordion_item title=\u00a0\u00bb&#8230;Et des choix.\u00a0\u00bb open_toggle_text_color=\u00a0\u00bb#FFFFFF\u00a0\u00bb open_toggle_background_color=\u00a0\u00bbRGBA(255,255,255,0)\u00a0\u00bb closed_toggle_background_color=\u00a0\u00bbRGBA(255,255,255,0)\u00a0\u00bb icon_color=\u00a0\u00bb#FFFFFF\u00a0\u00bb toggle_icon=\u00a0\u00bb&#x3b;||divi||400&Prime; _builder_version=\u00a0\u00bb4.19.4&Prime; _module_preset=\u00a0\u00bbdefault\u00a0\u00bb body_text_color=\u00a0\u00bb#FFFFFF\u00a0\u00bb custom_padding=\u00a0\u00bb3%|5%|3%|5%|true|true\u00a0\u00bb border_radii=\u00a0\u00bboff|20px||20px|\u00a0\u00bb border_width_all=\u00a0\u00bb2px\u00a0\u00bb box_shadow_style=\u00a0\u00bbpreset7&Prime; box_shadow_horizontal=\u00a0\u00bb-10px\u00a0\u00bb box_shadow_vertical=\u00a0\u00bb-10px\u00a0\u00bb box_shadow_color=\u00a0\u00bb#FF0000&Prime; box_shadow_position=\u00a0\u00bbouter\u00a0\u00bb global_colors_info=\u00a0\u00bb{}\u00a0\u00bb toggle_text_color=\u00a0\u00bb#FFFFFF\u00a0\u00bb open=\u00a0\u00bbon\u00a0\u00bb]<\/p>\n<p>We gave a lot of thought to the best way to connect theme and style in this project, and how to use the specific inherent narrative devices of Visual Novels to their fullest extent\u2026 and it quickly became self-evident that <strong><em>Sym.BIOS: Torn Asunder<\/em><\/strong> had to be a story about choices. This theme runs all through the story until its end, when every little choices can have potentially dramatic consequences on the game\u2019s outcome.<\/p>\n<p>&nbsp;<\/p>\n<p>[\/et_pb_accordion_item][et_pb_accordion_item title=\u00a0\u00bbUn Visual Novel\u00a0\u00bb open_toggle_text_color=\u00a0\u00bb#FFFFFF\u00a0\u00bb open_toggle_background_color=\u00a0\u00bbRGBA(255,255,255,0)\u00a0\u00bb closed_toggle_background_color=\u00a0\u00bbRGBA(255,255,255,0)\u00a0\u00bb icon_color=\u00a0\u00bb#FFFFFF\u00a0\u00bb toggle_icon=\u00a0\u00bb&#x3b;||divi||400&Prime; _builder_version=\u00a0\u00bb4.19.4&Prime; _module_preset=\u00a0\u00bbdefault\u00a0\u00bb body_text_color=\u00a0\u00bb#FFFFFF\u00a0\u00bb custom_padding=\u00a0\u00bb3%|5%|3%|5%|true|true\u00a0\u00bb border_radii=\u00a0\u00bboff|20px||20px|\u00a0\u00bb border_width_all=\u00a0\u00bb2px\u00a0\u00bb box_shadow_style=\u00a0\u00bbpreset7&Prime; box_shadow_horizontal=\u00a0\u00bb-10px\u00a0\u00bb box_shadow_vertical=\u00a0\u00bb-10px\u00a0\u00bb box_shadow_color=\u00a0\u00bb#FF0000&Prime; box_shadow_position=\u00a0\u00bbouter\u00a0\u00bb global_colors_info=\u00a0\u00bb{}\u00a0\u00bb toggle_text_color=\u00a0\u00bb#FFFFFF\u00a0\u00bb open=\u00a0\u00bboff\u00a0\u00bb]<\/p>\n<p>Sym.BIOS: Torn Asunder is a classic 2D visual novel. The story is captivating, and goes hand in hand with over a hundred background illustrations and over thirty characters. There will be many choices, and all have consequences. In some cases these will simply be alternative dialogue lines, but in other cases these will have profound consequences on the story, or the relationship between characters. More details will be made available during the months leading up to release in Spring 2023.<\/p>\n<p>[\/et_pb_accordion_item][\/et_pb_accordion][et_pb_button button_text=\u00a0\u00bbAcheter sur Steam\u00a0\u00bb _builder_version=\u00a0\u00bb4.21.2&Prime; _module_preset=\u00a0\u00bbdefault\u00a0\u00bb button_url=\u00a0\u00bbhttps:\/\/store.steampowered.com\/app\/2259230\/SymBIOS_Torn_Asunder\/\u00a0\u00bb hover_enabled=\u00a0\u00bb0&Prime; sticky_enabled=\u00a0\u00bb0&Prime;][\/et_pb_button][et_pb_button button_text=\u00a0\u00bbAcheter sur Itch\u00a0\u00bb _builder_version=\u00a0\u00bb4.21.2&Prime; _module_preset=\u00a0\u00bbdefault\u00a0\u00bb button_url=\u00a0\u00bbhttps:\/\/cassiopeiadevelopments.itch.io\/symbios-torn-asunder\u00a0\u00bb hover_enabled=\u00a0\u00bb0&Prime; sticky_enabled=\u00a0\u00bb0&Prime;][\/et_pb_button][\/et_pb_column][\/et_pb_section][et_pb_section fb_built=\u00a0\u00bb1&Prime; disabled_on=\u00a0\u00bbon|on|on\u00a0\u00bb _builder_version=\u00a0\u00bb4.19.4&Prime; _module_preset=\u00a0\u00bbdefault\u00a0\u00bb background_color=\u00a0\u00bb#0D0D0C\u00a0\u00bb disabled=\u00a0\u00bbon\u00a0\u00bb global_colors_info=\u00a0\u00bb{}\u00a0\u00bb][et_pb_row _builder_version=\u00a0\u00bb4.19.4&Prime; _module_preset=\u00a0\u00bbdefault\u00a0\u00bb global_colors_info=\u00a0\u00bb{}\u00a0\u00bb][et_pb_column type=\u00a0\u00bb4_4&Prime; _builder_version=\u00a0\u00bb4.19.4&Prime; _module_preset=\u00a0\u00bbdefault\u00a0\u00bb global_colors_info=\u00a0\u00bb{}\u00a0\u00bb][et_pb_accordion toggle_icon=\u00a0\u00bb&#x3d;||divi||400&Prime; icon_color=\u00a0\u00bb#FFFFFF\u00a0\u00bb _builder_version=\u00a0\u00bb4.18.0&Prime; _module_preset=\u00a0\u00bbdefault\u00a0\u00bb width=\u00a0\u00bb82.1%\u00a0\u00bb global_colors_info=\u00a0\u00bb{}\u00a0\u00bb][et_pb_accordion_item title=\u00a0\u00bbLe Gameplay\u00a0\u00bb open=\u00a0\u00bbon\u00a0\u00bb open_toggle_text_color=\u00a0\u00bb#FFFFFF\u00a0\u00bb open_toggle_background_color=\u00a0\u00bbRGBA(255,255,255,0)\u00a0\u00bb closed_toggle_background_color=\u00a0\u00bbRGBA(255,255,255,0)\u00a0\u00bb icon_color=\u00a0\u00bb#FFFFFF\u00a0\u00bb toggle_icon=\u00a0\u00bb&#x3b;||divi||400&Prime; _builder_version=\u00a0\u00bb4.18.0&Prime; _module_preset=\u00a0\u00bbdefault\u00a0\u00bb body_text_color=\u00a0\u00bb#FFFFFF\u00a0\u00bb custom_padding=\u00a0\u00bb3%|5%|3%|5%|true|true\u00a0\u00bb border_radii=\u00a0\u00bboff|20px||20px|\u00a0\u00bb border_width_all=\u00a0\u00bb2px\u00a0\u00bb box_shadow_style=\u00a0\u00bbpreset7&Prime; box_shadow_horizontal=\u00a0\u00bb-10px\u00a0\u00bb box_shadow_vertical=\u00a0\u00bb-10px\u00a0\u00bb box_shadow_color=\u00a0\u00bb#FF0000&Prime; box_shadow_position=\u00a0\u00bbouter\u00a0\u00bb global_colors_info=\u00a0\u00bb{}\u00a0\u00bb toggle_text_color=\u00a0\u00bb#FFFFFF\u00a0\u00bb]<\/p>\n<p>Sym.BIOS: Torn Asunder est un Visual Novel, autrement dit, un roman visuel.<\/p>\n<p><span style=\"font-weight: 400;\">Il place le joueur en tant que spectateur participant au d\u00e9roulement de l\u2019aventure, au travers des personnages principaux et de leurs choix \u00e0 haute valeur morale ayant syst\u00e9matiquement des cons\u00e9quences plus ou moins importantes, \u00e0 court, moyen et long terme.\u00a0<\/span><\/p>\n<p><span style=\"font-weight: 400;\">Le gameplay \u00e0 base de lecture illustr\u00e9e est simple, mais la richesse se trouve dans ces choix, ainsi que dans la profondeur des personnages qui \u00e9volueront au travers d\u2019une aventure riche en rebondissements, dans un futur qui pourrait tr\u00e8s bien \u00eatre le n\u00f4tre si le contexte climatique, \u00e9conomique et social actuel poursuit sa route sans correction aucune.<\/span><\/p>\n<p>[\/et_pb_accordion_item][et_pb_accordion_item title=\u00a0\u00bbUne utopie&#8230;\u00a0\u00bb open_toggle_text_color=\u00a0\u00bb#FFFFFF\u00a0\u00bb open_toggle_background_color=\u00a0\u00bbRGBA(255,255,255,0)\u00a0\u00bb closed_toggle_background_color=\u00a0\u00bbRGBA(255,255,255,0)\u00a0\u00bb icon_color=\u00a0\u00bb#FFFFFF\u00a0\u00bb toggle_icon=\u00a0\u00bb&#x3b;||divi||400&Prime; _builder_version=\u00a0\u00bb4.18.0&Prime; _module_preset=\u00a0\u00bbdefault\u00a0\u00bb body_text_color=\u00a0\u00bb#FFFFFF\u00a0\u00bb custom_padding=\u00a0\u00bb3%|5%|3%|5%|true|true\u00a0\u00bb border_radii=\u00a0\u00bboff|20px||20px|\u00a0\u00bb border_width_all=\u00a0\u00bb2px\u00a0\u00bb box_shadow_style=\u00a0\u00bbpreset7&Prime; box_shadow_horizontal=\u00a0\u00bb-10px\u00a0\u00bb box_shadow_vertical=\u00a0\u00bb-10px\u00a0\u00bb box_shadow_color=\u00a0\u00bb#FF0000&Prime; box_shadow_position=\u00a0\u00bbouter\u00a0\u00bb global_colors_info=\u00a0\u00bb{}\u00a0\u00bb toggle_text_color=\u00a0\u00bb#FFFFFF\u00a0\u00bb open=\u00a0\u00bboff\u00a0\u00bb]<\/p>\n<p><span style=\"font-weight: 400;\">En 2364, les plaies de la 3<\/span><span style=\"font-weight: 400;\">\u00e8me<\/span><span style=\"font-weight: 400;\"> guerre mondiale se sont referm\u00e9es\u2026 non sans laisser de vilaines cicatrices.<br \/>In the Rome area (or what\u2019s left of it), radiation still kills slowly and silently.\u00a0<\/span><\/p>\n<p><span style=\"font-weight: 400;\">It\u2019s the place <strong><em>Min-Joon Watal<\/em><\/strong>, richissime philanthrope et h\u00e9ritier du mastodonte Watal Industries, pour construire une ville sanctuaire souterraine : Tosca, prot\u00e9g\u00e9e des ondes mortif\u00e8res qui empoisonnent la r\u00e9gion.\u00a0<\/span><\/p>\n<p><span style=\"font-weight: 400;\">Ce \u00e0 quoi Watal ne s\u2019attendait pas du tout, c\u2019est \u00e0 la r\u00e9sistance des populations locales : elles se m\u00e9fient de cet homme venu des\u00a0 \u00ab\u00a0Colonies\u00a0\u00bb, ces satellites artificiels o\u00f9 les puissants se sont exil\u00e9s, loin de la Terre et de ses souffrances, de sa crasse, de ses violences.<br \/>Les th\u00e9ories du complot pullulent \u00e0 propos de Tosca, des milices civiles se forment et attaquent le chantier.<\/span><\/p>\n<p>[\/et_pb_accordion_item][et_pb_accordion_item title=\u00a0\u00bb&#8230;Une \u00e9quipe&#8230;\u00a0\u00bb open_toggle_text_color=\u00a0\u00bb#FFFFFF\u00a0\u00bb open_toggle_background_color=\u00a0\u00bbRGBA(255,255,255,0)\u00a0\u00bb closed_toggle_background_color=\u00a0\u00bbRGBA(255,255,255,0)\u00a0\u00bb icon_color=\u00a0\u00bb#FFFFFF\u00a0\u00bb toggle_icon=\u00a0\u00bb&#x3b;||divi||400&Prime; _builder_version=\u00a0\u00bb4.18.0&Prime; _module_preset=\u00a0\u00bbdefault\u00a0\u00bb body_text_color=\u00a0\u00bb#FFFFFF\u00a0\u00bb custom_padding=\u00a0\u00bb3%|5%|3%|5%|true|true\u00a0\u00bb border_radii=\u00a0\u00bboff|20px||20px|\u00a0\u00bb border_width_all=\u00a0\u00bb2px\u00a0\u00bb box_shadow_style=\u00a0\u00bbpreset7&Prime; box_shadow_horizontal=\u00a0\u00bb-10px\u00a0\u00bb box_shadow_vertical=\u00a0\u00bb-10px\u00a0\u00bb box_shadow_color=\u00a0\u00bb#FF0000&Prime; box_shadow_position=\u00a0\u00bbouter\u00a0\u00bb global_colors_info=\u00a0\u00bb{}\u00a0\u00bb toggle_text_color=\u00a0\u00bb#FFFFFF\u00a0\u00bb open=\u00a0\u00bboff\u00a0\u00bb]<\/p>\n<p>Pour prot\u00e9ger son utopie, Watal compose une \u00e9quipe de choc de pilotes de \u00ab\u00a0Harcos\u00a0\u00bb, des robots de combat g\u00e9ants. L\u2019op\u00e9ration est dirig\u00e9e par Galanos, un ancien militaire aussi taciturne qu\u2019efficace\u00a0: Oli, la r\u00e9serv\u00e9e experte en n\u00e9gociation\u00a0; Joa, le m\u00e9decin l\u00e9g\u00e8rement parano et son \u00e9pouse, Chrys, la force brute\u2026 de d\u00e9coffrage\u00a0; et RoKo, l\u2019intelligence artificielle qui les soutient et tente de les faire rire avec son humour parfois douteux, accompagn\u00e9 de son cr\u00e9ateur Thomas, dont la sensibilit\u00e9 et le sourire na\u00eff et charmeur pourraient faire fondre un iceberg s\u2019ils n\u2019avaient pas d\u00e9j\u00e0 tous fondu.<\/p>\n<p>[\/et_pb_accordion_item][et_pb_accordion_item title=\u00a0\u00bb&#8230;Et des choix.\u00a0\u00bb open_toggle_text_color=\u00a0\u00bb#FFFFFF\u00a0\u00bb open_toggle_background_color=\u00a0\u00bbRGBA(255,255,255,0)\u00a0\u00bb closed_toggle_background_color=\u00a0\u00bbRGBA(255,255,255,0)\u00a0\u00bb icon_color=\u00a0\u00bb#FFFFFF\u00a0\u00bb toggle_icon=\u00a0\u00bb&#x3b;||divi||400&Prime; _builder_version=\u00a0\u00bb4.18.0&Prime; _module_preset=\u00a0\u00bbdefault\u00a0\u00bb body_text_color=\u00a0\u00bb#FFFFFF\u00a0\u00bb custom_padding=\u00a0\u00bb3%|5%|3%|5%|true|true\u00a0\u00bb border_radii=\u00a0\u00bboff|20px||20px|\u00a0\u00bb border_width_all=\u00a0\u00bb2px\u00a0\u00bb box_shadow_style=\u00a0\u00bbpreset7&Prime; box_shadow_horizontal=\u00a0\u00bb-10px\u00a0\u00bb box_shadow_vertical=\u00a0\u00bb-10px\u00a0\u00bb box_shadow_color=\u00a0\u00bb#FF0000&Prime; box_shadow_position=\u00a0\u00bbouter\u00a0\u00bb global_colors_info=\u00a0\u00bb{}\u00a0\u00bb toggle_text_color=\u00a0\u00bb#FFFFFF\u00a0\u00bb open=\u00a0\u00bboff\u00a0\u00bb]<\/p>\n<p><span style=\"font-weight: 400;\">We gave a lot of thought to the best way to connect theme and style in this project, and how to use the specific inherent narrative devices of Visual Novels to their fullest extent\u2026 and it quickly became self-evident that <\/span><i><span style=\"font-weight: 400;\">Sym.BIOS: Torn Asunder<\/span><\/i><span style=\"font-weight: 400;\"> une histoire de choix. Incarn\u00e9e par l\u2019incapacit\u00e9 \u00e0 trancher d\u2019Oli, la responsabilit\u00e9 pesante de Galanos \u00e0 chaque d\u00e9cision, ou la radicalit\u00e9 des positions de Joa, cette probl\u00e9matique se d\u00e9cline tout au long de l\u2019histoire, jusqu\u2019\u00e0 son terme o\u00f9 chaque petit choix aura des cons\u00e9quences\u2026 potentiellement dramatiques sur le d\u00e9nouement du jeu.\u00a0<\/span><\/p>\n<p>[\/et_pb_accordion_item][\/et_pb_accordion][\/et_pb_column][\/et_pb_row][\/et_pb_section]<\/p>","protected":false},"excerpt":{"rendered":"<p>En 2364, les plaies de la 3\u00e8me guerre mondiale se sont referm\u00e9es\u2026 non sans laisser de vilaines cicatrices.Dans la r\u00e9gion de Rome (ou ce qu\u2019il en reste), la radioactivit\u00e9 continue de tuer \u00e0 petit feu.\u00a0 C\u2019est le lieu choisi par un richissime philanthrope et h\u00e9ritier du mastodonte Watal Industries, pour construire une ville sanctuaire souterraine [&hellip;]<\/p>","protected":false},"author":1,"featured_media":269,"parent":137,"menu_order":0,"comment_status":"closed","ping_status":"closed","template":"","meta":{"_et_pb_use_builder":"on","_et_pb_old_content":"<!-- wp:divi\/placeholder \/-->","_et_gb_content_width":"","footnotes":""},"class_list":["post-24","page","type-page","status-publish","has-post-thumbnail","hentry"],"_links":{"self":[{"href":"https:\/\/cassiopeiadevelopments.com\/en\/wp-json\/wp\/v2\/pages\/24","targetHints":{"allow":["GET"]}}],"collection":[{"href":"https:\/\/cassiopeiadevelopments.com\/en\/wp-json\/wp\/v2\/pages"}],"about":[{"href":"https:\/\/cassiopeiadevelopments.com\/en\/wp-json\/wp\/v2\/types\/page"}],"author":[{"embeddable":true,"href":"https:\/\/cassiopeiadevelopments.com\/en\/wp-json\/wp\/v2\/users\/1"}],"replies":[{"embeddable":true,"href":"https:\/\/cassiopeiadevelopments.com\/en\/wp-json\/wp\/v2\/comments?post=24"}],"version-history":[{"count":34,"href":"https:\/\/cassiopeiadevelopments.com\/en\/wp-json\/wp\/v2\/pages\/24\/revisions"}],"predecessor-version":[{"id":512,"href":"https:\/\/cassiopeiadevelopments.com\/en\/wp-json\/wp\/v2\/pages\/24\/revisions\/512"}],"up":[{"embeddable":true,"href":"https:\/\/cassiopeiadevelopments.com\/en\/wp-json\/wp\/v2\/pages\/137"}],"wp:featuredmedia":[{"embeddable":true,"href":"https:\/\/cassiopeiadevelopments.com\/en\/wp-json\/wp\/v2\/media\/269"}],"wp:attachment":[{"href":"https:\/\/cassiopeiadevelopments.com\/en\/wp-json\/wp\/v2\/media?parent=24"}],"curies":[{"name":"wp","href":"https:\/\/api.w.org\/{rel}","templated":true}]}}