{"id":295,"date":"2023-01-10T13:27:03","date_gmt":"2023-01-10T12:27:03","guid":{"rendered":"https:\/\/cassiopeiadevelopments.com\/?page_id=295"},"modified":"2023-01-10T14:11:53","modified_gmt":"2023-01-10T13:11:53","slug":"mentions-legales","status":"publish","type":"page","link":"https:\/\/cassiopeiadevelopments.com\/en\/mentions-legales\/","title":{"rendered":"Mentions L\u00e9gales"},"content":{"rendered":"<p>[et_pb_section fb_built=\u00a0\u00bb1&Prime; _builder_version=\u00a0\u00bb4.19.4&Prime; _module_preset=\u00a0\u00bbdefault\u00a0\u00bb global_colors_info=\u00a0\u00bb{}\u00a0\u00bb][et_pb_row _builder_version=\u00a0\u00bb4.19.4&Prime; _module_preset=\u00a0\u00bbdefault\u00a0\u00bb global_colors_info=\u00a0\u00bb{}\u00a0\u00bb][et_pb_column type=\u00a0\u00bb4_4&Prime; _builder_version=\u00a0\u00bb4.19.4&Prime; _module_preset=\u00a0\u00bbdefault\u00a0\u00bb global_colors_info=\u00a0\u00bb{}\u00a0\u00bb][et_pb_accordion _builder_version=\u00a0\u00bb4.19.4&Prime; _module_preset=\u00a0\u00bbdefault\u00a0\u00bb hover_enabled=\u00a0\u00bb0&Prime; global_colors_info=\u00a0\u00bb{}\u00a0\u00bb sticky_enabled=\u00a0\u00bb0&Prime;][et_pb_accordion_item title=\u00a0\u00bbMentions l\u00e9gales\u00a0\u00bb open=\u00a0\u00bbon\u00a0\u00bb _builder_version=\u00a0\u00bb4.19.4&Prime; _module_preset=\u00a0\u00bbdefault\u00a0\u00bb global_colors_info=\u00a0\u00bb{}\u00a0\u00bb]<\/p>\n<p>This website is run by Cassiopeia Developments SASU, registered at the RCS in Paris, registration number 832 930 309 with a capital of 500\u20ac. The head office is located at 61, rue du Sahel 75012 Paris.<\/p>\n<p>VAT Number FR 32 832 930 309<\/p>\n<p>Director of publication: Michel Sainisch, CEO<\/p>\n<p>\u00a9 Cassiopeia Developments. All Rights Reserved.<\/p>\n<p>[\/et_pb_accordion_item][\/et_pb_accordion][\/et_pb_column][\/et_pb_row][\/et_pb_section]<\/p>","protected":false},"excerpt":{"rendered":"<p>Ce site internet est \u00e9dit\u00e9 par la soci\u00e9t\u00e9 Cassiopeia Developments SASU, au capital de 500 euros, enregistr\u00e9e au RCS de Paris sous le num\u00e9ro 832 930 309 et dont le si\u00e8ge social est situ\u00e9 \u00e0 61, rue du Sahel 75012 Paris. Num\u00e9ro de TVA intracommunautaire : FR 32 832 930 309 Directeur de la publication [&hellip;]<\/p>","protected":false},"author":2,"featured_media":0,"parent":0,"menu_order":0,"comment_status":"closed","ping_status":"closed","template":"","meta":{"_et_pb_use_builder":"on","_et_pb_old_content":"<!-- wp:divi\/placeholder \/-->","_et_gb_content_width":"","footnotes":""},"class_list":["post-295","page","type-page","status-publish","hentry"],"_links":{"self":[{"href":"https:\/\/cassiopeiadevelopments.com\/en\/wp-json\/wp\/v2\/pages\/295","targetHints":{"allow":["GET"]}}],"collection":[{"href":"https:\/\/cassiopeiadevelopments.com\/en\/wp-json\/wp\/v2\/pages"}],"about":[{"href":"https:\/\/cassiopeiadevelopments.com\/en\/wp-json\/wp\/v2\/types\/page"}],"author":[{"embeddable":true,"href":"https:\/\/cassiopeiadevelopments.com\/en\/wp-json\/wp\/v2\/users\/2"}],"replies":[{"embeddable":true,"href":"https:\/\/cassiopeiadevelopments.com\/en\/wp-json\/wp\/v2\/comments?post=295"}],"version-history":[{"count":5,"href":"https:\/\/cassiopeiadevelopments.com\/en\/wp-json\/wp\/v2\/pages\/295\/revisions"}],"predecessor-version":[{"id":310,"href":"https:\/\/cassiopeiadevelopments.com\/en\/wp-json\/wp\/v2\/pages\/295\/revisions\/310"}],"wp:attachment":[{"href":"https:\/\/cassiopeiadevelopments.com\/en\/wp-json\/wp\/v2\/media?parent=295"}],"curies":[{"name":"wp","href":"https:\/\/api.w.org\/{rel}","templated":true}]}}